{"id":52,"date":"2026-01-21T12:48:28","date_gmt":"2026-01-21T12:48:28","guid":{"rendered":"https:\/\/hajdana.me\/?page_id=52"},"modified":"2026-03-22T22:30:36","modified_gmt":"2026-03-22T22:30:36","slug":"kontakt","status":"publish","type":"page","link":"https:\/\/hajdana.me\/?page_id=52","title":{"rendered":"KONTAKT"},"content":{"rendered":"\t\t<div data-elementor-type=\"wp-page\" data-elementor-id=\"52\" class=\"elementor elementor-52\">\n\t\t\t\t<header class=\"elementor-element elementor-element-58e8fd1b e-con-full e-flex e-con e-parent\" data-id=\"58e8fd1b\" data-element_type=\"container\">\n\t\t\t\t<\/header>\n\t\t<div class=\"elementor-element elementor-element-22278632 e-con-full e-flex e-con e-parent\" data-id=\"22278632\" data-element_type=\"container\">\n\t\t<div class=\"elementor-element elementor-element-3af81fee e-con-full e-flex e-con e-child\" data-id=\"3af81fee\" data-element_type=\"container\" data-settings=\"{&quot;background_background&quot;:&quot;gradient&quot;}\">\n\t\t\t\t<div class=\"elementor-element elementor-element-36140c7 elementor-widget elementor-widget-heading\" data-id=\"36140c7\" data-element_type=\"widget\" data-widget_type=\"heading.default\">\n\t\t\t\t\t<h2 class=\"elementor-heading-title elementor-size-default\">            Kontaktirajte nas <\/h2>\t\t\t\t<\/div>\n\t\t\t\t<div class=\"elementor-element elementor-element-6441d7dc elementor-widget elementor-widget-text-editor\" data-id=\"6441d7dc\" data-element_type=\"widget\" data-widget_type=\"text-editor.default\">\n\t\t\t\t\t\t\t\t\t<p class=\"p1\"><b>Potrebna vam je kvalitetna ALU i PVC bravarija?<\/b><\/p><p class=\"p1\"><b>Zatra\u017eite ponudu ve\u0107 danas.<\/b><\/p>\t\t\t\t\t\t\t\t<\/div>\n\t\t\t\t<div class=\"elementor-element elementor-element-88bedaa elementor-align-center elementor-widget elementor-widget-button\" data-id=\"88bedaa\" data-element_type=\"widget\" data-widget_type=\"button.default\">\n\t\t\t\t\t\t\t\t\t\t<a class=\"elementor-button elementor-button-link elementor-size-sm\" href=\"https:\/\/wa.me\/38269470406?text=Zdravo,%20zainteresovan%20sam%20za%20ponudu.\" target=\"_blank\">\n\t\t\t\t\t\t<span class=\"elementor-button-content-wrapper\">\n\t\t\t\t\t\t\t\t\t<span class=\"elementor-button-text\">Zatra\u017eite ponudu<\/span>\n\t\t\t\t\t<\/span>\n\t\t\t\t\t<\/a>\n\t\t\t\t\t\t\t\t<\/div>\n\t\t\t\t<\/div>\n\t\t<div class=\"elementor-element elementor-element-341c68b0 e-con-full e-flex e-con e-child\" data-id=\"341c68b0\" data-element_type=\"container\">\n\t\t\t\t<div class=\"elementor-element elementor-element-6b39a elementor-widget elementor-widget-image\" data-id=\"6b39a\" data-element_type=\"widget\" data-widget_type=\"image.default\">\n\t\t\t\t\t\t\t\t\t\t\t\t\t\t\t<img decoding=\"async\" width=\"1\" height=\"1\" src=\"https:\/\/hajdana.me\/wp-content\/uploads\/2026\/01\/IMG_3665-1.heic\" class=\"attachment-large size-large wp-image-32\" alt=\"\" \/>\t\t\t\t\t\t\t\t\t\t\t\t\t\t\t<\/div>\n\t\t<div class=\"elementor-element elementor-element-c934c8c e-con-full e-flex e-con e-child\" data-id=\"c934c8c\" data-element_type=\"container\">\n\t\t\t\t<div class=\"elementor-element elementor-element-3ec0fcfe elementor-align-end elementor-icon-list--layout-traditional elementor-list-item-link-full_width elementor-widget elementor-widget-icon-list\" data-id=\"3ec0fcfe\" data-element_type=\"widget\" data-widget_type=\"icon-list.default\">\n\t\t\t\t\t\t\t<ul class=\"elementor-icon-list-items\">\n\t\t\t\t\t\t\t<li class=\"elementor-icon-list-item\">\n\t\t\t\t\t\t\t\t\t\t<span class=\"elementor-icon-list-text\"><\/span>\n\t\t\t\t\t\t\t\t\t<\/li>\n\t\t\t\t\t\t<\/ul>\n\t\t\t\t\t\t<\/div>\n\t\t\t\t<\/div>\n\t\t\t\t<\/div>\n\t\t\t\t<\/div>\n\t\t<div class=\"elementor-element elementor-element-5e3593d5 e-con-full e-flex e-con e-parent\" data-id=\"5e3593d5\" data-element_type=\"container\" data-settings=\"{&quot;background_background&quot;:&quot;classic&quot;}\">\n\t\t<div class=\"elementor-element elementor-element-2be9369 e-con-full e-flex e-con e-child\" data-id=\"2be9369\" data-element_type=\"container\">\n\t\t\t\t<div class=\"elementor-element elementor-element-35746ea6 elementor-widget elementor-widget-image\" data-id=\"35746ea6\" data-element_type=\"widget\" data-widget_type=\"image.default\">\n\t\t\t\t\t\t\t\t\t\t\t\t\t\t\t<img decoding=\"async\" width=\"1\" height=\"1\" src=\"https:\/\/hajdana.me\/wp-content\/uploads\/2026\/01\/IMG_3725.heic\" class=\"attachment-large size-large wp-image-39\" alt=\"\" \/>\t\t\t\t\t\t\t\t\t\t\t\t\t\t\t<\/div>\n\t\t\t\t<\/div>\n\t\t<div class=\"elementor-element elementor-element-590acd e-con-full e-flex e-con e-child\" data-id=\"590acd\" data-element_type=\"container\">\n\t\t\t\t<div class=\"elementor-element elementor-element-43185ccd elementor-align-start elementor-icon-list--layout-traditional elementor-list-item-link-full_width elementor-widget elementor-widget-icon-list\" data-id=\"43185ccd\" data-element_type=\"widget\" data-widget_type=\"icon-list.default\">\n\t\t\t\t\t\t\t<ul class=\"elementor-icon-list-items\">\n\t\t\t\t\t\t\t<li class=\"elementor-icon-list-item\">\n\t\t\t\t\t\t\t\t\t\t<span class=\"elementor-icon-list-text\"><b>Adresa:<\/b> Nova ulica 6, Cetinje<\/span>\n\t\t\t\t\t\t\t\t\t<\/li>\n\t\t\t\t\t\t\t\t<li class=\"elementor-icon-list-item\">\n\t\t\t\t\t\t\t\t\t\t<span class=\"elementor-icon-list-text\"><b>Radno vrijeme:<\/b> Pon-Sub 7:00AM - 15:00PM<\/span>\n\t\t\t\t\t\t\t\t\t<\/li>\n\t\t\t\t\t\t\t\t<li class=\"elementor-icon-list-item\">\n\t\t\t\t\t\t\t\t\t\t<span class=\"elementor-icon-list-text\"><b>Telefon:<\/b> +382 69 470 406<\/span>\n\t\t\t\t\t\t\t\t\t<\/li>\n\t\t\t\t\t\t\t\t<li class=\"elementor-icon-list-item\">\n\t\t\t\t\t\t\t\t\t\t<span class=\"elementor-icon-list-text\"><b>Email:<\/b> gago.hajdana@t-com.me<\/span>\n\t\t\t\t\t\t\t\t\t<\/li>\n\t\t\t\t\t\t<\/ul>\n\t\t\t\t\t\t<\/div>\n\t\t\t\t<\/div>\n\t\t\t\t<\/div>\n\t\t<div class=\"elementor-element elementor-element-5629ab1e e-con-full e-flex e-con e-parent\" data-id=\"5629ab1e\" data-element_type=\"container\">\n\t\t<div class=\"elementor-element elementor-element-567fae6b e-con-full e-flex e-con e-child\" data-id=\"567fae6b\" data-element_type=\"container\" data-settings=\"{&quot;background_background&quot;:&quot;classic&quot;}\">\n\t\t<div class=\"elementor-element elementor-element-30aff923 e-con-full e-flex e-con e-child\" data-id=\"30aff923\" data-element_type=\"container\">\n\t\t\t\t<\/div>\n\t\t\t\t<div class=\"elementor-element elementor-element-531a0f4b elementor-widget elementor-widget-google_maps\" data-id=\"531a0f4b\" data-element_type=\"widget\" data-widget_type=\"google_maps.default\">\n\t\t\t\t\t\t\t<div class=\"elementor-custom-embed\">\n\t\t\t<iframe loading=\"lazy\"\n\t\t\t\t\tsrc=\"https:\/\/maps.google.com\/maps?q=Haajdana%20d%20o%20o%20%20Cetinje&#038;t=m&#038;z=17&#038;output=embed&#038;iwloc=near\"\n\t\t\t\t\ttitle=\"Haajdana d o o  Cetinje\"\n\t\t\t\t\taria-label=\"Haajdana d o o  Cetinje\"\n\t\t\t><\/iframe>\n\t\t<\/div>\n\t\t\t\t\t\t<\/div>\n\t\t\t\t<\/div>\n\t\t<div class=\"elementor-element elementor-element-2b7c88c2 e-con-full e-flex e-con e-child\" data-id=\"2b7c88c2\" data-element_type=\"container\">\n\t\t\t\t<div class=\"elementor-element elementor-element-28628ca5 elementor-widget elementor-widget-heading\" data-id=\"28628ca5\" data-element_type=\"widget\" data-widget_type=\"heading.default\">\n\t\t\t\t\t<h2 class=\"elementor-heading-title elementor-size-default\">\ud83d\udccdNa\u0161a lokacija:<\/h2>\t\t\t\t<\/div>\n\t\t\t\t<div class=\"elementor-element elementor-element-4bc2d082 elementor-widget elementor-widget-icon-box\" data-id=\"4bc2d082\" data-element_type=\"widget\" data-widget_type=\"icon-box.default\">\n\t\t\t\t\t\t\t<div class=\"elementor-icon-box-wrapper\">\n\n\t\t\t\n\t\t\t\t\t\t<div class=\"elementor-icon-box-content\">\n\n\t\t\t\t\t\t\t\t\t<h4 class=\"elementor-icon-box-title\">\n\t\t\t\t\t\t<span  >\n\t\t\t\t\t\t\tAdresa:\t\t\t\t\t\t<\/span>\n\t\t\t\t\t<\/h4>\n\t\t\t\t\n\t\t\t\t\t\t\t\t\t<p class=\"elementor-icon-box-description\">\n\t\t\t\t\t\tNova ulica 6, Cetinje\t\t\t\t\t<\/p>\n\t\t\t\t\n\t\t\t<\/div>\n\t\t\t\n\t\t<\/div>\n\t\t\t\t\t\t<\/div>\n\t\t\t\t<\/div>\n\t\t\t\t<\/div>\n\t\t\t\t<\/div>\n\t\t","protected":false},"excerpt":{"rendered":"<p>Kontaktirajte nas Potrebna vam je kvalitetna ALU i PVC bravarija? Zatra\u017eite ponudu ve\u0107 danas. Zatra\u017eite ponudu Adresa: Nova ulica 6, Cetinje Radno vrijeme: Pon-Sub 7:00AM &#8211; 15:00PM Telefon: +382 69 470 406 Email: gago.hajdana@t-com.me \ud83d\udccdNa\u0161a lokacija: Adresa: Nova ulica 6, Cetinje<\/p>\n","protected":false},"author":1,"featured_media":0,"parent":0,"menu_order":0,"comment_status":"closed","ping_status":"closed","template":"","meta":{"footnotes":""},"class_list":["post-52","page","type-page","status-publish","hentry"],"yoast_head":"<!-- This site is optimized with the Yoast SEO plugin v26.6 - https:\/\/yoast.com\/wordpress\/plugins\/seo\/ -->\n<title>KONTAKT - HAJDANA D.O.O.<\/title>\n<meta name=\"robots\" content=\"index, follow, max-snippet:-1, max-image-preview:large, max-video-preview:-1\" \/>\n<link rel=\"canonical\" href=\"https:\/\/hajdana.me\/?page_id=52\" \/>\n<meta property=\"og:locale\" content=\"en_US\" \/>\n<meta property=\"og:type\" content=\"article\" \/>\n<meta property=\"og:title\" content=\"KONTAKT - HAJDANA D.O.O.\" \/>\n<meta property=\"og:description\" content=\"Kontaktirajte nas Potrebna vam je kvalitetna ALU i PVC bravarija? Zatra\u017eite ponudu ve\u0107 danas. Zatra\u017eite ponudu Adresa: Nova ulica 6, Cetinje Radno vrijeme: Pon-Sub 7:00AM &#8211; 15:00PM Telefon: +382 69 470 406 Email: gago.hajdana@t-com.me \ud83d\udccdNa\u0161a lokacija: Adresa: Nova ulica 6, Cetinje\" \/>\n<meta property=\"og:url\" content=\"https:\/\/hajdana.me\/?page_id=52\" \/>\n<meta property=\"og:site_name\" content=\"HAJDANA D.O.O.\" \/>\n<meta property=\"article:modified_time\" content=\"2026-03-22T22:30:36+00:00\" \/>\n<meta property=\"og:image\" content=\"https:\/\/hajdana.me\/wp-content\/uploads\/2026\/01\/IMG_3665-1.heic\" \/>\n<meta name=\"twitter:card\" content=\"summary_large_image\" \/>\n<meta name=\"twitter:label1\" content=\"Est. reading time\" \/>\n\t<meta name=\"twitter:data1\" content=\"1 minute\" \/>\n<script type=\"application\/ld+json\" class=\"yoast-schema-graph\">{\"@context\":\"https:\/\/schema.org\",\"@graph\":[{\"@type\":\"WebPage\",\"@id\":\"https:\/\/hajdana.me\/?page_id=52\",\"url\":\"https:\/\/hajdana.me\/?page_id=52\",\"name\":\"KONTAKT - HAJDANA D.O.O.\",\"isPartOf\":{\"@id\":\"https:\/\/hajdana.me\/#website\"},\"primaryImageOfPage\":{\"@id\":\"https:\/\/hajdana.me\/?page_id=52#primaryimage\"},\"image\":{\"@id\":\"https:\/\/hajdana.me\/?page_id=52#primaryimage\"},\"thumbnailUrl\":\"https:\/\/hajdana.me\/wp-content\/uploads\/2026\/01\/IMG_3665-1.heic\",\"datePublished\":\"2026-01-21T12:48:28+00:00\",\"dateModified\":\"2026-03-22T22:30:36+00:00\",\"breadcrumb\":{\"@id\":\"https:\/\/hajdana.me\/?page_id=52#breadcrumb\"},\"inLanguage\":\"en-US\",\"potentialAction\":[{\"@type\":\"ReadAction\",\"target\":[\"https:\/\/hajdana.me\/?page_id=52\"]}]},{\"@type\":\"ImageObject\",\"inLanguage\":\"en-US\",\"@id\":\"https:\/\/hajdana.me\/?page_id=52#primaryimage\",\"url\":\"https:\/\/hajdana.me\/wp-content\/uploads\/2026\/01\/IMG_3665-1.heic\",\"contentUrl\":\"https:\/\/hajdana.me\/wp-content\/uploads\/2026\/01\/IMG_3665-1.heic\"},{\"@type\":\"BreadcrumbList\",\"@id\":\"https:\/\/hajdana.me\/?page_id=52#breadcrumb\",\"itemListElement\":[{\"@type\":\"ListItem\",\"position\":1,\"name\":\"Home\",\"item\":\"https:\/\/hajdana.me\/\"},{\"@type\":\"ListItem\",\"position\":2,\"name\":\"KONTAKT\"}]},{\"@type\":\"WebSite\",\"@id\":\"https:\/\/hajdana.me\/#website\",\"url\":\"https:\/\/hajdana.me\/\",\"name\":\"HAJDANA D.O.O.\",\"description\":\"\",\"publisher\":{\"@id\":\"https:\/\/hajdana.me\/#organization\"},\"potentialAction\":[{\"@type\":\"SearchAction\",\"target\":{\"@type\":\"EntryPoint\",\"urlTemplate\":\"https:\/\/hajdana.me\/?s={search_term_string}\"},\"query-input\":{\"@type\":\"PropertyValueSpecification\",\"valueRequired\":true,\"valueName\":\"search_term_string\"}}],\"inLanguage\":\"en-US\"},{\"@type\":\"Organization\",\"@id\":\"https:\/\/hajdana.me\/#organization\",\"name\":\"HAJDANA D.O.O.\",\"url\":\"https:\/\/hajdana.me\/\",\"logo\":{\"@type\":\"ImageObject\",\"inLanguage\":\"en-US\",\"@id\":\"https:\/\/hajdana.me\/#\/schema\/logo\/image\/\",\"url\":\"https:\/\/hajdana.me\/wp-content\/uploads\/2026\/01\/IMG_3287.jpg\",\"contentUrl\":\"https:\/\/hajdana.me\/wp-content\/uploads\/2026\/01\/IMG_3287.jpg\",\"width\":167,\"height\":168,\"caption\":\"HAJDANA D.O.O.\"},\"image\":{\"@id\":\"https:\/\/hajdana.me\/#\/schema\/logo\/image\/\"}}]}<\/script>\n<!-- \/ Yoast SEO plugin. -->","yoast_head_json":{"title":"KONTAKT - HAJDANA D.O.O.","robots":{"index":"index","follow":"follow","max-snippet":"max-snippet:-1","max-image-preview":"max-image-preview:large","max-video-preview":"max-video-preview:-1"},"canonical":"https:\/\/hajdana.me\/?page_id=52","og_locale":"en_US","og_type":"article","og_title":"KONTAKT - HAJDANA D.O.O.","og_description":"Kontaktirajte nas Potrebna vam je kvalitetna ALU i PVC bravarija? Zatra\u017eite ponudu ve\u0107 danas. Zatra\u017eite ponudu Adresa: Nova ulica 6, Cetinje Radno vrijeme: Pon-Sub 7:00AM &#8211; 15:00PM Telefon: +382 69 470 406 Email: gago.hajdana@t-com.me \ud83d\udccdNa\u0161a lokacija: Adresa: Nova ulica 6, Cetinje","og_url":"https:\/\/hajdana.me\/?page_id=52","og_site_name":"HAJDANA D.O.O.","article_modified_time":"2026-03-22T22:30:36+00:00","og_image":[{"url":"https:\/\/hajdana.me\/wp-content\/uploads\/2026\/01\/IMG_3665-1.heic","type":"","width":"","height":""}],"twitter_card":"summary_large_image","twitter_misc":{"Est. reading time":"1 minute"},"schema":{"@context":"https:\/\/schema.org","@graph":[{"@type":"WebPage","@id":"https:\/\/hajdana.me\/?page_id=52","url":"https:\/\/hajdana.me\/?page_id=52","name":"KONTAKT - HAJDANA D.O.O.","isPartOf":{"@id":"https:\/\/hajdana.me\/#website"},"primaryImageOfPage":{"@id":"https:\/\/hajdana.me\/?page_id=52#primaryimage"},"image":{"@id":"https:\/\/hajdana.me\/?page_id=52#primaryimage"},"thumbnailUrl":"https:\/\/hajdana.me\/wp-content\/uploads\/2026\/01\/IMG_3665-1.heic","datePublished":"2026-01-21T12:48:28+00:00","dateModified":"2026-03-22T22:30:36+00:00","breadcrumb":{"@id":"https:\/\/hajdana.me\/?page_id=52#breadcrumb"},"inLanguage":"en-US","potentialAction":[{"@type":"ReadAction","target":["https:\/\/hajdana.me\/?page_id=52"]}]},{"@type":"ImageObject","inLanguage":"en-US","@id":"https:\/\/hajdana.me\/?page_id=52#primaryimage","url":"https:\/\/hajdana.me\/wp-content\/uploads\/2026\/01\/IMG_3665-1.heic","contentUrl":"https:\/\/hajdana.me\/wp-content\/uploads\/2026\/01\/IMG_3665-1.heic"},{"@type":"BreadcrumbList","@id":"https:\/\/hajdana.me\/?page_id=52#breadcrumb","itemListElement":[{"@type":"ListItem","position":1,"name":"Home","item":"https:\/\/hajdana.me\/"},{"@type":"ListItem","position":2,"name":"KONTAKT"}]},{"@type":"WebSite","@id":"https:\/\/hajdana.me\/#website","url":"https:\/\/hajdana.me\/","name":"HAJDANA D.O.O.","description":"","publisher":{"@id":"https:\/\/hajdana.me\/#organization"},"potentialAction":[{"@type":"SearchAction","target":{"@type":"EntryPoint","urlTemplate":"https:\/\/hajdana.me\/?s={search_term_string}"},"query-input":{"@type":"PropertyValueSpecification","valueRequired":true,"valueName":"search_term_string"}}],"inLanguage":"en-US"},{"@type":"Organization","@id":"https:\/\/hajdana.me\/#organization","name":"HAJDANA D.O.O.","url":"https:\/\/hajdana.me\/","logo":{"@type":"ImageObject","inLanguage":"en-US","@id":"https:\/\/hajdana.me\/#\/schema\/logo\/image\/","url":"https:\/\/hajdana.me\/wp-content\/uploads\/2026\/01\/IMG_3287.jpg","contentUrl":"https:\/\/hajdana.me\/wp-content\/uploads\/2026\/01\/IMG_3287.jpg","width":167,"height":168,"caption":"HAJDANA D.O.O."},"image":{"@id":"https:\/\/hajdana.me\/#\/schema\/logo\/image\/"}}]}},"brizy_media":[],"_links":{"self":[{"href":"https:\/\/hajdana.me\/index.php?rest_route=\/wp\/v2\/pages\/52","targetHints":{"allow":["GET"]}}],"collection":[{"href":"https:\/\/hajdana.me\/index.php?rest_route=\/wp\/v2\/pages"}],"about":[{"href":"https:\/\/hajdana.me\/index.php?rest_route=\/wp\/v2\/types\/page"}],"author":[{"embeddable":true,"href":"https:\/\/hajdana.me\/index.php?rest_route=\/wp\/v2\/users\/1"}],"replies":[{"embeddable":true,"href":"https:\/\/hajdana.me\/index.php?rest_route=%2Fwp%2Fv2%2Fcomments&post=52"}],"version-history":[{"count":5,"href":"https:\/\/hajdana.me\/index.php?rest_route=\/wp\/v2\/pages\/52\/revisions"}],"predecessor-version":[{"id":168,"href":"https:\/\/hajdana.me\/index.php?rest_route=\/wp\/v2\/pages\/52\/revisions\/168"}],"wp:attachment":[{"href":"https:\/\/hajdana.me\/index.php?rest_route=%2Fwp%2Fv2%2Fmedia&parent=52"}],"curies":[{"name":"wp","href":"https:\/\/api.w.org\/{rel}","templated":true}]}}