{"id":8,"date":"2026-01-21T12:50:48","date_gmt":"2026-01-21T12:50:48","guid":{"rendered":"https:\/\/hajdana.me\/?page_id=8"},"modified":"2026-03-05T08:17:44","modified_gmt":"2026-03-05T08:17:44","slug":"home-2","status":"publish","type":"page","link":"https:\/\/hajdana.me\/","title":{"rendered":"Home"},"content":{"rendered":"\t\t<div data-elementor-type=\"wp-page\" data-elementor-id=\"8\" class=\"elementor elementor-8\">\n\t\t\t\t<div class=\"elementor-element elementor-element-69acce4 e-con-full e-flex e-con e-parent\" data-id=\"69acce4\" data-element_type=\"container\">\n\t\t\t\t<div class=\"elementor-element elementor-element-b213c2d elementor-widget elementor-widget-image\" data-id=\"b213c2d\" data-element_type=\"widget\" data-widget_type=\"image.default\">\n\t\t\t\t\t\t\t\t\t\t\t\t\t\t\t<img fetchpriority=\"high\" decoding=\"async\" width=\"1024\" height=\"576\" src=\"https:\/\/hajdana.me\/wp-content\/uploads\/2026\/01\/IMG_1067-1024x576.jpg\" class=\"attachment-large size-large wp-image-28\" alt=\"\" srcset=\"https:\/\/hajdana.me\/wp-content\/uploads\/2026\/01\/IMG_1067-1024x576.jpg 1024w, https:\/\/hajdana.me\/wp-content\/uploads\/2026\/01\/IMG_1067-300x169.jpg 300w, https:\/\/hajdana.me\/wp-content\/uploads\/2026\/01\/IMG_1067-768x432.jpg 768w, https:\/\/hajdana.me\/wp-content\/uploads\/2026\/01\/IMG_1067-1536x864.jpg 1536w, https:\/\/hajdana.me\/wp-content\/uploads\/2026\/01\/IMG_1067.jpg 1800w\" sizes=\"(max-width: 1024px) 100vw, 1024px\" \/>\t\t\t\t\t\t\t\t\t\t\t\t\t\t\t<\/div>\n\t\t\t\t<\/div>\n\t\t<div class=\"elementor-element elementor-element-37e69514 e-con-full e-flex e-con e-parent\" data-id=\"37e69514\" data-element_type=\"container\" data-settings=\"{&quot;background_background&quot;:&quot;classic&quot;,&quot;animation&quot;:&quot;none&quot;,&quot;animation_delay&quot;:0}\">\n\t\t<div class=\"elementor-element elementor-element-4973ee5e e-con-full e-flex e-con e-child\" data-id=\"4973ee5e\" data-element_type=\"container\" data-settings=\"{&quot;animation&quot;:&quot;none&quot;}\">\n\t\t\t\t<div class=\"elementor-element elementor-element-71e65d32 elementor-widget elementor-widget-heading\" data-id=\"71e65d32\" data-element_type=\"widget\" data-settings=\"{&quot;_animation&quot;:&quot;none&quot;}\" data-widget_type=\"heading.default\">\n\t\t\t\t\t<h1 class=\"elementor-heading-title elementor-size-default\">PVC i ALU bravarija koja doprinosi kvalitetu va\u0161eg prostora<\/h1>\t\t\t\t<\/div>\n\t\t\t\t<div class=\"elementor-element elementor-element-78682dc elementor-widget elementor-widget-text-editor\" data-id=\"78682dc\" data-element_type=\"widget\" data-settings=\"{&quot;_animation&quot;:&quot;none&quot;}\" data-widget_type=\"text-editor.default\">\n\t\t\t\t\t\t\t\t\t<p><span style=\"caret-color: #000000; color: #000000; font-size: medium;\">Savremena PVC i ALU rje\u0161enja izra\u0111ena po mjeri, uz visok standard kvaliteta i pouzdanu monta\u017eu<\/span><\/p>\t\t\t\t\t\t\t\t<\/div>\n\t\t\t\t<div class=\"elementor-element elementor-element-3fab3af8 elementor-mobile-align-center elementor-align-center elementor-widget elementor-widget-button\" data-id=\"3fab3af8\" data-element_type=\"widget\" data-settings=\"{&quot;_animation&quot;:&quot;none&quot;}\" data-widget_type=\"button.default\">\n\t\t\t\t\t\t\t\t\t\t<a class=\"elementor-button elementor-button-link elementor-size-sm\" href=\"tel:+38269470406\">\n\t\t\t\t\t\t<span class=\"elementor-button-content-wrapper\">\n\t\t\t\t\t\t\t\t\t<span class=\"elementor-button-text\">Kontaktirajte nas<\/span>\n\t\t\t\t\t<\/span>\n\t\t\t\t\t<\/a>\n\t\t\t\t\t\t\t\t<\/div>\n\t\t\t\t<\/div>\n\t\t<div class=\"elementor-element elementor-element-31b983d2 e-con-full e-flex e-con e-child\" data-id=\"31b983d2\" data-element_type=\"container\">\n\t\t\t\t<div class=\"elementor-element elementor-element-45095b7f elementor-widget elementor-widget-image\" data-id=\"45095b7f\" data-element_type=\"widget\" data-widget_type=\"image.default\">\n\t\t\t\t\t\t\t\t\t\t\t\t\t\t\t<img decoding=\"async\" width=\"1022\" height=\"1024\" src=\"https:\/\/hajdana.me\/wp-content\/uploads\/2026\/01\/IMG_1063-1022x1024.jpg\" class=\"attachment-large size-large wp-image-24\" alt=\"\" srcset=\"https:\/\/hajdana.me\/wp-content\/uploads\/2026\/01\/IMG_1063-1022x1024.jpg 1022w, https:\/\/hajdana.me\/wp-content\/uploads\/2026\/01\/IMG_1063-300x300.jpg 300w, https:\/\/hajdana.me\/wp-content\/uploads\/2026\/01\/IMG_1063-150x150.jpg 150w, https:\/\/hajdana.me\/wp-content\/uploads\/2026\/01\/IMG_1063-768x769.jpg 768w, https:\/\/hajdana.me\/wp-content\/uploads\/2026\/01\/IMG_1063.jpg 1206w\" sizes=\"(max-width: 1022px) 100vw, 1022px\" \/>\t\t\t\t\t\t\t\t\t\t\t\t\t\t\t<\/div>\n\t\t\t\t<\/div>\n\t\t\t\t<\/div>\n\t\t<div class=\"elementor-element elementor-element-5f742ad6 e-con-full e-flex e-con e-parent\" data-id=\"5f742ad6\" data-element_type=\"container\" id=\"next\">\n\t\t\t\t<div class=\"elementor-element elementor-element-1cd7fd2d elementor-widget elementor-widget-heading\" data-id=\"1cd7fd2d\" data-element_type=\"widget\" data-widget_type=\"heading.default\">\n\t\t\t\t\t<h3 class=\"elementor-heading-title elementor-size-default\">Nudimo Vam:<\/h3>\t\t\t\t<\/div>\n\t\t\t\t<div class=\"elementor-element elementor-element-763577c6 elementor-widget elementor-widget-heading\" data-id=\"763577c6\" data-element_type=\"widget\" data-widget_type=\"heading.default\">\n\t\t\t\t\t<p class=\"elementor-heading-title elementor-size-default\"><span style=\"text-align: start;font-size: medium\">Pouzdana PVC i ALU rje\u0161enja izra\u0111ena po mjeri va\u0161eg prostora.<\/span><\/p>\t\t\t\t<\/div>\n\t\t<div class=\"elementor-element elementor-element-cd33946 e-con-full e-flex e-con e-child\" data-id=\"cd33946\" data-element_type=\"container\">\n\t\t<div class=\"elementor-element elementor-element-4b1a1864 e-con-full e-flex e-con e-child\" data-id=\"4b1a1864\" data-element_type=\"container\">\n\t\t\t\t<div class=\"elementor-element elementor-element-1f50a047 elementor-position-top elementor-widget elementor-widget-image-box\" data-id=\"1f50a047\" data-element_type=\"widget\" data-widget_type=\"image-box.default\">\n\t\t\t\t\t<div class=\"elementor-image-box-wrapper\"><figure class=\"elementor-image-box-img\"><a href=\"#\" tabindex=\"-1\"><img decoding=\"async\" width=\"1206\" height=\"893\" src=\"https:\/\/hajdana.me\/wp-content\/uploads\/2026\/01\/IMG_1064.jpg\" class=\"elementor-animation-grow attachment-full size-full wp-image-25\" alt=\"\" srcset=\"https:\/\/hajdana.me\/wp-content\/uploads\/2026\/01\/IMG_1064.jpg 1206w, https:\/\/hajdana.me\/wp-content\/uploads\/2026\/01\/IMG_1064-300x222.jpg 300w, https:\/\/hajdana.me\/wp-content\/uploads\/2026\/01\/IMG_1064-1024x758.jpg 1024w, https:\/\/hajdana.me\/wp-content\/uploads\/2026\/01\/IMG_1064-768x569.jpg 768w\" sizes=\"(max-width: 1206px) 100vw, 1206px\" \/><\/a><\/figure><div class=\"elementor-image-box-content\"><h4 class=\"elementor-image-box-title\"><a href=\"#\">PVC Stolarija<\/a><\/h4><p class=\"elementor-image-box-description\">Izrada i ugradnja PVC  stolarije , visoke energetske efikasnosti. Dugotrajna rje\u0161enja koja pru\u017eaju izolaciju, sigurnost i moderan izgled.<\/p><\/div><\/div>\t\t\t\t<\/div>\n\t\t\t\t<\/div>\n\t\t<div class=\"elementor-element elementor-element-7a7abca4 e-con-full e-flex e-con e-child\" data-id=\"7a7abca4\" data-element_type=\"container\">\n\t\t\t\t<div class=\"elementor-element elementor-element-42fd9504 elementor-position-top elementor-widget elementor-widget-image-box\" data-id=\"42fd9504\" data-element_type=\"widget\" data-widget_type=\"image-box.default\">\n\t\t\t\t\t<div class=\"elementor-image-box-wrapper\"><figure class=\"elementor-image-box-img\"><a href=\"#\" tabindex=\"-1\"><img loading=\"lazy\" decoding=\"async\" width=\"1106\" height=\"1296\" src=\"https:\/\/hajdana.me\/wp-content\/uploads\/2026\/02\/496d2cd5-e94b-480d-a4c2-0347b264365b.jpg\" class=\"elementor-animation-grow attachment-2048x2048 size-2048x2048 wp-image-118\" alt=\"\" srcset=\"https:\/\/hajdana.me\/wp-content\/uploads\/2026\/02\/496d2cd5-e94b-480d-a4c2-0347b264365b.jpg 1106w, https:\/\/hajdana.me\/wp-content\/uploads\/2026\/02\/496d2cd5-e94b-480d-a4c2-0347b264365b-256x300.jpg 256w, https:\/\/hajdana.me\/wp-content\/uploads\/2026\/02\/496d2cd5-e94b-480d-a4c2-0347b264365b-874x1024.jpg 874w, https:\/\/hajdana.me\/wp-content\/uploads\/2026\/02\/496d2cd5-e94b-480d-a4c2-0347b264365b-768x900.jpg 768w\" sizes=\"(max-width: 1106px) 100vw, 1106px\" \/><\/a><\/figure><div class=\"elementor-image-box-content\"><h4 class=\"elementor-image-box-title\"><a href=\"#\">ALU Stolarija<\/a><\/h4><p class=\"elementor-image-box-description\">Kvalitetna aluminijumska rje\u0161enja za stambene i poslovne objekte. Idealno za velike staklene povr\u0161ine i savremen dizajn.<\/p><\/div><\/div>\t\t\t\t<\/div>\n\t\t\t\t<\/div>\n\t\t<div class=\"elementor-element elementor-element-3f0a0b5f e-con-full e-flex e-con e-child\" data-id=\"3f0a0b5f\" data-element_type=\"container\">\n\t\t\t\t<div class=\"elementor-element elementor-element-60b41df6 elementor-position-top elementor-widget elementor-widget-image-box\" data-id=\"60b41df6\" data-element_type=\"widget\" data-widget_type=\"image-box.default\">\n\t\t\t\t\t<div class=\"elementor-image-box-wrapper\"><figure class=\"elementor-image-box-img\"><a href=\"#\" tabindex=\"-1\"><img loading=\"lazy\" decoding=\"async\" width=\"1200\" height=\"1600\" src=\"https:\/\/hajdana.me\/wp-content\/uploads\/2026\/02\/WhatsApp-Image-2026-02-12-at-19.36.02.jpeg\" class=\"elementor-animation-grow attachment-full size-full wp-image-109\" alt=\"\" srcset=\"https:\/\/hajdana.me\/wp-content\/uploads\/2026\/02\/WhatsApp-Image-2026-02-12-at-19.36.02.jpeg 1200w, https:\/\/hajdana.me\/wp-content\/uploads\/2026\/02\/WhatsApp-Image-2026-02-12-at-19.36.02-225x300.jpeg 225w, https:\/\/hajdana.me\/wp-content\/uploads\/2026\/02\/WhatsApp-Image-2026-02-12-at-19.36.02-768x1024.jpeg 768w, https:\/\/hajdana.me\/wp-content\/uploads\/2026\/02\/WhatsApp-Image-2026-02-12-at-19.36.02-1152x1536.jpeg 1152w\" sizes=\"(max-width: 1200px) 100vw, 1200px\" \/><\/a><\/figure><div class=\"elementor-image-box-content\"><h4 class=\"elementor-image-box-title\"><a href=\"#\">Klizni Sistemi<\/a><\/h4><p class=\"elementor-image-box-description\">Savremeni klizni sistemi koji \u0161tede prostor i omogu\u0107avaju maksimalan prodor svjetlosti uz vrhunsku izolaciju.<\/p><\/div><\/div>\t\t\t\t<\/div>\n\t\t\t\t<\/div>\n\t\t<div class=\"elementor-element elementor-element-68767a60 e-con-full e-flex e-con e-child\" data-id=\"68767a60\" data-element_type=\"container\">\n\t\t\t\t<div class=\"elementor-element elementor-element-71e2695e elementor-position-top elementor-widget elementor-widget-image-box\" data-id=\"71e2695e\" data-element_type=\"widget\" data-widget_type=\"image-box.default\">\n\t\t\t\t\t<div class=\"elementor-image-box-wrapper\"><figure class=\"elementor-image-box-img\"><a href=\"#\" tabindex=\"-1\"><img loading=\"lazy\" decoding=\"async\" width=\"952\" height=\"800\" src=\"https:\/\/hajdana.me\/wp-content\/uploads\/2026\/02\/Screenshot-2026-02-12-at-19.42.54.png\" class=\"elementor-animation-grow attachment-full size-full wp-image-111\" alt=\"\" srcset=\"https:\/\/hajdana.me\/wp-content\/uploads\/2026\/02\/Screenshot-2026-02-12-at-19.42.54.png 952w, https:\/\/hajdana.me\/wp-content\/uploads\/2026\/02\/Screenshot-2026-02-12-at-19.42.54-300x252.png 300w, https:\/\/hajdana.me\/wp-content\/uploads\/2026\/02\/Screenshot-2026-02-12-at-19.42.54-768x645.png 768w\" sizes=\"(max-width: 952px) 100vw, 952px\" \/><\/a><\/figure><div class=\"elementor-image-box-content\"><h4 class=\"elementor-image-box-title\"><a href=\"#\">Gara\u017ena Vrata<\/a><\/h4><p class=\"elementor-image-box-description\">Pouzdana i estetski prilago\u0111ena gara\u017ena vrata sa naprednim sigurnosnim sistemima. Dugotrajna konstrukcija, tiho otvaranje i odli\u010dna izolacija za maksimalnu udobnost i za\u0161titu.<\/p><\/div><\/div>\t\t\t\t<\/div>\n\t\t\t\t<\/div>\n\t\t\t\t<\/div>\n\t\t\t\t<\/div>\n\t\t<div class=\"elementor-element elementor-element-6db63d25 e-con-full e-flex e-con e-parent\" data-id=\"6db63d25\" data-element_type=\"container\" data-settings=\"{&quot;background_background&quot;:&quot;classic&quot;}\">\n\t\t\t\t<div class=\"elementor-element elementor-element-333954aa elementor-widget elementor-widget-heading\" data-id=\"333954aa\" data-element_type=\"widget\" data-widget_type=\"heading.default\">\n\t\t\t\t\t<h3 class=\"elementor-heading-title elementor-size-default\">Za\u0161to odabrati nas?<\/h3>\t\t\t\t<\/div>\n\t\t<div class=\"elementor-element elementor-element-b463e07 e-con-full e-flex e-con e-child\" data-id=\"b463e07\" data-element_type=\"container\">\n\t\t\t\t<div class=\"elementor-element elementor-element-5948a6bf elementor-widget__width-initial elementor-widget elementor-widget-icon-box\" data-id=\"5948a6bf\" data-element_type=\"widget\" data-widget_type=\"icon-box.default\">\n\t\t\t\t\t\t\t<div class=\"elementor-icon-box-wrapper\">\n\n\t\t\t\n\t\t\t\t\t\t<div class=\"elementor-icon-box-content\">\n\n\t\t\t\t\t\t\t\t\t<h4 class=\"elementor-icon-box-title\">\n\t\t\t\t\t\t<span  >\n\t\t\t\t\t\t\tDugogodi\u0161nje iskustvo\t\t\t\t\t\t<\/span>\n\t\t\t\t\t<\/h4>\n\t\t\t\t\n\t\t\t\t\t\t\t\t\t<p class=\"elementor-icon-box-description\">\n\t\t\t\t\t\tIskustvo ste\u010deno kroz realizaciju velikog broja stambenih i poslovnih objekata predstavlja temelj na\u0161eg kvaliteta i pouzdanosti.\t\t\t\t\t<\/p>\n\t\t\t\t\n\t\t\t<\/div>\n\t\t\t\n\t\t<\/div>\n\t\t\t\t\t\t<\/div>\n\t\t\t\t<div class=\"elementor-element elementor-element-2a2c6752 elementor-widget__width-initial elementor-widget elementor-widget-icon-box\" data-id=\"2a2c6752\" data-element_type=\"widget\" data-widget_type=\"icon-box.default\">\n\t\t\t\t\t\t\t<div class=\"elementor-icon-box-wrapper\">\n\n\t\t\t\n\t\t\t\t\t\t<div class=\"elementor-icon-box-content\">\n\n\t\t\t\t\t\t\t\t\t<h4 class=\"elementor-icon-box-title\">\n\t\t\t\t\t\t<span  >\n\t\t\t\t\t\t\tVrhunski kvalitet\t\t\t\t\t\t<\/span>\n\t\t\t\t\t<\/h4>\n\t\t\t\t\n\t\t\t\t\t\t\t\t\t<p class=\"elementor-icon-box-description\">\n\t\t\t\t\t\tIzrada se zasniva na profilima i sistemima vode\u0107ih svjetskih proizvo\u0111a\u010da, uz garantovan vrhunski kvalitet, i pouzdanost.\t\t\t\t\t<\/p>\n\t\t\t\t\n\t\t\t<\/div>\n\t\t\t\n\t\t<\/div>\n\t\t\t\t\t\t<\/div>\n\t\t\t\t<div class=\"elementor-element elementor-element-225b16c4 elementor-widget__width-initial elementor-widget elementor-widget-icon-box\" data-id=\"225b16c4\" data-element_type=\"widget\" data-widget_type=\"icon-box.default\">\n\t\t\t\t\t\t\t<div class=\"elementor-icon-box-wrapper\">\n\n\t\t\t\n\t\t\t\t\t\t<div class=\"elementor-icon-box-content\">\n\n\t\t\t\t\t\t\t\t\t<h4 class=\"elementor-icon-box-title\">\n\t\t\t\t\t\t<span  >\n\t\t\t\t\t\t\tProfesionalna monta\u017ea\t\t\t\t\t\t<\/span>\n\t\t\t\t\t<\/h4>\n\t\t\t\t\n\t\t\t\t\t\t\t\t\t<p class=\"elementor-icon-box-description\">\n\t\t\t\t\t\tSigurna i kvalitetna ugradnja uz po\u0161tovanje dogovorenih rokova.\t\t\t\t\t<\/p>\n\t\t\t\t\n\t\t\t<\/div>\n\t\t\t\n\t\t<\/div>\n\t\t\t\t\t\t<\/div>\n\t\t\t\t<div class=\"elementor-element elementor-element-15e8cd82 elementor-widget__width-initial elementor-widget elementor-widget-icon-box\" data-id=\"15e8cd82\" data-element_type=\"widget\" data-widget_type=\"icon-box.default\">\n\t\t\t\t\t\t\t<div class=\"elementor-icon-box-wrapper\">\n\n\t\t\t\n\t\t\t\t\t\t<div class=\"elementor-icon-box-content\">\n\n\t\t\t\t\t\t\t\t\t<h4 class=\"elementor-icon-box-title\">\n\t\t\t\t\t\t<span  >\n\t\t\t\t\t\t\tGarancija i pouzdanost\t\t\t\t\t\t<\/span>\n\t\t\t\t\t<\/h4>\n\t\t\t\t\n\t\t\t\t\t\t\t\t\t<p class=\"elementor-icon-box-description\">\n\t\t\t\t\t\tPouzdan partner koji garantuje kvalitet, preciznost i sigurnu realizaciju svakog projekta.\t\t\t\t\t<\/p>\n\t\t\t\t\n\t\t\t<\/div>\n\t\t\t\n\t\t<\/div>\n\t\t\t\t\t\t<\/div>\n\t\t\t\t<\/div>\n\t\t\t\t<\/div>\n\t\t<div class=\"elementor-element elementor-element-f60c05a e-flex e-con-boxed e-con e-parent\" data-id=\"f60c05a\" data-element_type=\"container\" data-settings=\"{&quot;background_background&quot;:&quot;classic&quot;}\">\n\t\t\t\t\t<div class=\"e-con-inner\">\n\t\t<div class=\"elementor-element elementor-element-cac7a8a e-con-full e-flex e-con e-child\" data-id=\"cac7a8a\" data-element_type=\"container\">\n\t\t\t\t<div class=\"elementor-element elementor-element-09f6032 elementor-widget elementor-widget-heading\" data-id=\"09f6032\" data-element_type=\"widget\" data-widget_type=\"heading.default\">\n\t\t\t\t\t<h2 class=\"elementor-heading-title elementor-size-default\"><br><br><br>+15 godina iskustva<br><\/h2>\t\t\t\t<\/div>\n\t\t\t\t<div class=\"elementor-element elementor-element-ea3ca5a elementor-align-center elementor-widget__width-initial elementor-widget elementor-widget-button\" data-id=\"ea3ca5a\" data-element_type=\"widget\" data-widget_type=\"button.default\">\n\t\t\t\t\t\t\t\t\t\t<a class=\"elementor-button elementor-button-link elementor-size-sm\" href=\"tel:+38269470406\">\n\t\t\t\t\t\t<span class=\"elementor-button-content-wrapper\">\n\t\t\t\t\t\t\t\t\t<span class=\"elementor-button-text\">Kontaktirajte nas<\/span>\n\t\t\t\t\t<\/span>\n\t\t\t\t\t<\/a>\n\t\t\t\t\t\t\t\t<\/div>\n\t\t\t\t<\/div>\n\t\t\t\t\t<\/div>\n\t\t\t\t<\/div>\n\t\t\t\t<\/div>\n\t\t","protected":false},"excerpt":{"rendered":"<p>PVC i ALU bravarija koja doprinosi kvalitetu va\u0161eg prostora Savremena PVC i ALU rje\u0161enja izra\u0111ena po mjeri, uz visok standard kvaliteta i pouzdanu monta\u017eu Kontaktirajte nas Nudimo Vam: Pouzdana PVC i ALU rje\u0161enja izra\u0111ena po mjeri va\u0161eg prostora. PVC Stolarija Izrada i ugradnja PVC stolarije , visoke energetske efikasnosti. Dugotrajna rje\u0161enja koja pru\u017eaju izolaciju, sigurnost [&hellip;]<\/p>\n","protected":false},"author":1,"featured_media":0,"parent":0,"menu_order":0,"comment_status":"closed","ping_status":"closed","template":"full-width","meta":{"footnotes":""},"class_list":["post-8","page","type-page","status-publish","hentry"],"yoast_head":"<!-- This site is optimized with the Yoast SEO plugin v26.6 - https:\/\/yoast.com\/wordpress\/plugins\/seo\/ -->\n<title>Home - HAJDANA D.O.O.<\/title>\n<meta name=\"robots\" content=\"index, follow, max-snippet:-1, max-image-preview:large, max-video-preview:-1\" \/>\n<link rel=\"canonical\" href=\"https:\/\/hajdana.me\/\" \/>\n<meta property=\"og:locale\" content=\"en_US\" \/>\n<meta property=\"og:type\" content=\"article\" \/>\n<meta property=\"og:title\" content=\"Home - HAJDANA D.O.O.\" \/>\n<meta property=\"og:description\" content=\"PVC i ALU bravarija koja doprinosi kvalitetu va\u0161eg prostora Savremena PVC i ALU rje\u0161enja izra\u0111ena po mjeri, uz visok standard kvaliteta i pouzdanu monta\u017eu Kontaktirajte nas Nudimo Vam: Pouzdana PVC i ALU rje\u0161enja izra\u0111ena po mjeri va\u0161eg prostora. PVC Stolarija Izrada i ugradnja PVC stolarije , visoke energetske efikasnosti. Dugotrajna rje\u0161enja koja pru\u017eaju izolaciju, sigurnost [&hellip;]\" \/>\n<meta property=\"og:url\" content=\"https:\/\/hajdana.me\/\" \/>\n<meta property=\"og:site_name\" content=\"HAJDANA D.O.O.\" \/>\n<meta property=\"article:modified_time\" content=\"2026-03-05T08:17:44+00:00\" \/>\n<meta property=\"og:image\" content=\"https:\/\/hajdana.me\/wp-content\/uploads\/2026\/01\/IMG_1067-1024x576.jpg\" \/>\n<meta name=\"twitter:card\" content=\"summary_large_image\" \/>\n<meta name=\"twitter:label1\" content=\"Est. reading time\" \/>\n\t<meta name=\"twitter:data1\" content=\"2 minutes\" \/>\n<script type=\"application\/ld+json\" class=\"yoast-schema-graph\">{\"@context\":\"https:\/\/schema.org\",\"@graph\":[{\"@type\":\"WebPage\",\"@id\":\"https:\/\/hajdana.me\/\",\"url\":\"https:\/\/hajdana.me\/\",\"name\":\"Home - HAJDANA D.O.O.\",\"isPartOf\":{\"@id\":\"https:\/\/hajdana.me\/#website\"},\"primaryImageOfPage\":{\"@id\":\"https:\/\/hajdana.me\/#primaryimage\"},\"image\":{\"@id\":\"https:\/\/hajdana.me\/#primaryimage\"},\"thumbnailUrl\":\"https:\/\/hajdana.me\/wp-content\/uploads\/2026\/01\/IMG_1067-1024x576.jpg\",\"datePublished\":\"2026-01-21T12:50:48+00:00\",\"dateModified\":\"2026-03-05T08:17:44+00:00\",\"breadcrumb\":{\"@id\":\"https:\/\/hajdana.me\/#breadcrumb\"},\"inLanguage\":\"en-US\",\"potentialAction\":[{\"@type\":\"ReadAction\",\"target\":[\"https:\/\/hajdana.me\/\"]}]},{\"@type\":\"ImageObject\",\"inLanguage\":\"en-US\",\"@id\":\"https:\/\/hajdana.me\/#primaryimage\",\"url\":\"https:\/\/hajdana.me\/wp-content\/uploads\/2026\/01\/IMG_1067.jpg\",\"contentUrl\":\"https:\/\/hajdana.me\/wp-content\/uploads\/2026\/01\/IMG_1067.jpg\",\"width\":1800,\"height\":1012},{\"@type\":\"BreadcrumbList\",\"@id\":\"https:\/\/hajdana.me\/#breadcrumb\",\"itemListElement\":[{\"@type\":\"ListItem\",\"position\":1,\"name\":\"Home\",\"item\":\"https:\/\/hajdana.me\/\"},{\"@type\":\"ListItem\",\"position\":2,\"name\":\"Home\"}]},{\"@type\":\"WebSite\",\"@id\":\"https:\/\/hajdana.me\/#website\",\"url\":\"https:\/\/hajdana.me\/\",\"name\":\"HAJDANA D.O.O.\",\"description\":\"\",\"publisher\":{\"@id\":\"https:\/\/hajdana.me\/#organization\"},\"potentialAction\":[{\"@type\":\"SearchAction\",\"target\":{\"@type\":\"EntryPoint\",\"urlTemplate\":\"https:\/\/hajdana.me\/?s={search_term_string}\"},\"query-input\":{\"@type\":\"PropertyValueSpecification\",\"valueRequired\":true,\"valueName\":\"search_term_string\"}}],\"inLanguage\":\"en-US\"},{\"@type\":\"Organization\",\"@id\":\"https:\/\/hajdana.me\/#organization\",\"name\":\"HAJDANA D.O.O.\",\"url\":\"https:\/\/hajdana.me\/\",\"logo\":{\"@type\":\"ImageObject\",\"inLanguage\":\"en-US\",\"@id\":\"https:\/\/hajdana.me\/#\/schema\/logo\/image\/\",\"url\":\"https:\/\/hajdana.me\/wp-content\/uploads\/2026\/01\/IMG_3287.jpg\",\"contentUrl\":\"https:\/\/hajdana.me\/wp-content\/uploads\/2026\/01\/IMG_3287.jpg\",\"width\":167,\"height\":168,\"caption\":\"HAJDANA D.O.O.\"},\"image\":{\"@id\":\"https:\/\/hajdana.me\/#\/schema\/logo\/image\/\"}}]}<\/script>\n<!-- \/ Yoast SEO plugin. -->","yoast_head_json":{"title":"Home - HAJDANA D.O.O.","robots":{"index":"index","follow":"follow","max-snippet":"max-snippet:-1","max-image-preview":"max-image-preview:large","max-video-preview":"max-video-preview:-1"},"canonical":"https:\/\/hajdana.me\/","og_locale":"en_US","og_type":"article","og_title":"Home - HAJDANA D.O.O.","og_description":"PVC i ALU bravarija koja doprinosi kvalitetu va\u0161eg prostora Savremena PVC i ALU rje\u0161enja izra\u0111ena po mjeri, uz visok standard kvaliteta i pouzdanu monta\u017eu Kontaktirajte nas Nudimo Vam: Pouzdana PVC i ALU rje\u0161enja izra\u0111ena po mjeri va\u0161eg prostora. PVC Stolarija Izrada i ugradnja PVC stolarije , visoke energetske efikasnosti. Dugotrajna rje\u0161enja koja pru\u017eaju izolaciju, sigurnost [&hellip;]","og_url":"https:\/\/hajdana.me\/","og_site_name":"HAJDANA D.O.O.","article_modified_time":"2026-03-05T08:17:44+00:00","og_image":[{"url":"https:\/\/hajdana.me\/wp-content\/uploads\/2026\/01\/IMG_1067-1024x576.jpg","type":"","width":"","height":""}],"twitter_card":"summary_large_image","twitter_misc":{"Est. reading time":"2 minutes"},"schema":{"@context":"https:\/\/schema.org","@graph":[{"@type":"WebPage","@id":"https:\/\/hajdana.me\/","url":"https:\/\/hajdana.me\/","name":"Home - HAJDANA D.O.O.","isPartOf":{"@id":"https:\/\/hajdana.me\/#website"},"primaryImageOfPage":{"@id":"https:\/\/hajdana.me\/#primaryimage"},"image":{"@id":"https:\/\/hajdana.me\/#primaryimage"},"thumbnailUrl":"https:\/\/hajdana.me\/wp-content\/uploads\/2026\/01\/IMG_1067-1024x576.jpg","datePublished":"2026-01-21T12:50:48+00:00","dateModified":"2026-03-05T08:17:44+00:00","breadcrumb":{"@id":"https:\/\/hajdana.me\/#breadcrumb"},"inLanguage":"en-US","potentialAction":[{"@type":"ReadAction","target":["https:\/\/hajdana.me\/"]}]},{"@type":"ImageObject","inLanguage":"en-US","@id":"https:\/\/hajdana.me\/#primaryimage","url":"https:\/\/hajdana.me\/wp-content\/uploads\/2026\/01\/IMG_1067.jpg","contentUrl":"https:\/\/hajdana.me\/wp-content\/uploads\/2026\/01\/IMG_1067.jpg","width":1800,"height":1012},{"@type":"BreadcrumbList","@id":"https:\/\/hajdana.me\/#breadcrumb","itemListElement":[{"@type":"ListItem","position":1,"name":"Home","item":"https:\/\/hajdana.me\/"},{"@type":"ListItem","position":2,"name":"Home"}]},{"@type":"WebSite","@id":"https:\/\/hajdana.me\/#website","url":"https:\/\/hajdana.me\/","name":"HAJDANA D.O.O.","description":"","publisher":{"@id":"https:\/\/hajdana.me\/#organization"},"potentialAction":[{"@type":"SearchAction","target":{"@type":"EntryPoint","urlTemplate":"https:\/\/hajdana.me\/?s={search_term_string}"},"query-input":{"@type":"PropertyValueSpecification","valueRequired":true,"valueName":"search_term_string"}}],"inLanguage":"en-US"},{"@type":"Organization","@id":"https:\/\/hajdana.me\/#organization","name":"HAJDANA D.O.O.","url":"https:\/\/hajdana.me\/","logo":{"@type":"ImageObject","inLanguage":"en-US","@id":"https:\/\/hajdana.me\/#\/schema\/logo\/image\/","url":"https:\/\/hajdana.me\/wp-content\/uploads\/2026\/01\/IMG_3287.jpg","contentUrl":"https:\/\/hajdana.me\/wp-content\/uploads\/2026\/01\/IMG_3287.jpg","width":167,"height":168,"caption":"HAJDANA D.O.O."},"image":{"@id":"https:\/\/hajdana.me\/#\/schema\/logo\/image\/"}}]}},"brizy_media":[],"_links":{"self":[{"href":"https:\/\/hajdana.me\/index.php?rest_route=\/wp\/v2\/pages\/8","targetHints":{"allow":["GET"]}}],"collection":[{"href":"https:\/\/hajdana.me\/index.php?rest_route=\/wp\/v2\/pages"}],"about":[{"href":"https:\/\/hajdana.me\/index.php?rest_route=\/wp\/v2\/types\/page"}],"author":[{"embeddable":true,"href":"https:\/\/hajdana.me\/index.php?rest_route=\/wp\/v2\/users\/1"}],"replies":[{"embeddable":true,"href":"https:\/\/hajdana.me\/index.php?rest_route=%2Fwp%2Fv2%2Fcomments&post=8"}],"version-history":[{"count":5,"href":"https:\/\/hajdana.me\/index.php?rest_route=\/wp\/v2\/pages\/8\/revisions"}],"predecessor-version":[{"id":164,"href":"https:\/\/hajdana.me\/index.php?rest_route=\/wp\/v2\/pages\/8\/revisions\/164"}],"wp:attachment":[{"href":"https:\/\/hajdana.me\/index.php?rest_route=%2Fwp%2Fv2%2Fmedia&parent=8"}],"curies":[{"name":"wp","href":"https:\/\/api.w.org\/{rel}","templated":true}]}}